{"id":21,"date":"2022-12-21T11:16:36","date_gmt":"2022-12-21T10:16:36","guid":{"rendered":"http:\/\/www.szkolapolskawpradze.com\/wordpress\/?page_id=21"},"modified":"2026-04-02T23:44:26","modified_gmt":"2026-04-02T21:44:26","slug":"home","status":"publish","type":"page","link":"https:\/\/www.szkolapolskawpradze.com\/wordpress\/","title":{"rendered":"STRONA G\u0141\u00d3WNA"},"content":{"rendered":"\t\t<div data-elementor-type=\"wp-page\" data-elementor-id=\"21\" class=\"elementor elementor-21\">\n\t\t\t\t\t\t<section class=\"elementor-section elementor-top-section elementor-element elementor-element-77c2dec elementor-section-height-min-height elementor-section-items-top elementor-section-boxed elementor-section-height-default\" data-id=\"77c2dec\" data-element_type=\"section\" data-e-type=\"section\" data-settings=\"{&quot;background_background&quot;:&quot;classic&quot;}\">\n\t\t\t\t\t\t\t<div class=\"elementor-background-overlay\"><\/div>\n\t\t\t\t\t\t\t<div class=\"elementor-container elementor-column-gap-no\">\n\t\t\t\t\t<div class=\"elementor-column elementor-col-50 elementor-top-column elementor-element elementor-element-d486ede\" data-id=\"d486ede\" data-element_type=\"column\" data-e-type=\"column\" data-settings=\"{&quot;background_background&quot;:&quot;gradient&quot;}\">\n\t\t\t<div class=\"elementor-widget-wrap elementor-element-populated\">\n\t\t\t\t\t\t<div class=\"elementor-element elementor-element-f089d44 e-transform elementor-widget-mobile__width-initial elementor-widget elementor-widget-text-editor\" data-id=\"f089d44\" data-element_type=\"widget\" data-e-type=\"widget\" data-settings=\"{&quot;_transform_rotateZ_effect&quot;:{&quot;unit&quot;:&quot;px&quot;,&quot;size&quot;:-6,&quot;sizes&quot;:[]},&quot;_transform_rotateZ_effect_tablet&quot;:{&quot;unit&quot;:&quot;deg&quot;,&quot;size&quot;:&quot;&quot;,&quot;sizes&quot;:[]},&quot;_transform_rotateZ_effect_mobile&quot;:{&quot;unit&quot;:&quot;deg&quot;,&quot;size&quot;:&quot;&quot;,&quot;sizes&quot;:[]}}\" data-widget_type=\"text-editor.default\">\n\t\t\t\t<div class=\"elementor-widget-container\">\n\t\t\t\t\t\t\t\t\t<p>STRONA STOWARZYSZENIA RODZIC\u00d3W I PRZYJACI\u00d3\u0141\u00a0 POLSKIEJ SZKO\u0141Y W PRADZE<\/p>\t\t\t\t\t\t\t\t<\/div>\n\t\t\t\t<\/div>\n\t\t\t\t<div class=\"elementor-element elementor-element-afbce1d e-transform elementor-widget-mobile__width-initial elementor-widget elementor-widget-text-editor\" data-id=\"afbce1d\" data-element_type=\"widget\" data-e-type=\"widget\" data-settings=\"{&quot;_transform_rotateZ_effect&quot;:{&quot;unit&quot;:&quot;px&quot;,&quot;size&quot;:-6,&quot;sizes&quot;:[]},&quot;_transform_rotateZ_effect_tablet&quot;:{&quot;unit&quot;:&quot;deg&quot;,&quot;size&quot;:&quot;&quot;,&quot;sizes&quot;:[]},&quot;_transform_rotateZ_effect_mobile&quot;:{&quot;unit&quot;:&quot;deg&quot;,&quot;size&quot;:&quot;&quot;,&quot;sizes&quot;:[]}}\" data-widget_type=\"text-editor.default\">\n\t\t\t\t<div class=\"elementor-widget-container\">\n\t\t\t\t\t\t\t\t\t<p><a href=\"https:\/\/www.szkolapolskawpradze.com\/wordpress\/index.php\/aktualnosci\/\">Weso\u0142ych \u015awi\u0105t Wielkanocnych!<\/a><\/p>\t\t\t\t\t\t\t\t<\/div>\n\t\t\t\t<\/div>\n\t\t\t\t\t<\/div>\n\t\t<\/div>\n\t\t\t\t<div class=\"elementor-column elementor-col-50 elementor-top-column elementor-element elementor-element-16486c9\" data-id=\"16486c9\" data-element_type=\"column\" data-e-type=\"column\" data-settings=\"{&quot;background_background&quot;:&quot;gradient&quot;}\">\n\t\t\t<div class=\"elementor-widget-wrap elementor-element-populated\">\n\t\t\t\t\t\t<div class=\"elementor-element elementor-element-2e7c193 elementor-widget-tablet__width-initial elementor-widget elementor-widget-image\" data-id=\"2e7c193\" data-element_type=\"widget\" data-e-type=\"widget\" data-widget_type=\"image.default\">\n\t\t\t\t<div class=\"elementor-widget-container\">\n\t\t\t\t\t\t\t\t\t\t\t\t\t\t\t<img fetchpriority=\"high\" decoding=\"async\" width=\"510\" height=\"510\" src=\"https:\/\/www.szkolapolskawpradze.com\/wordpress\/wp-content\/uploads\/2026\/04\/Wielkanoc2026_Wyspianski.jpg\" class=\"attachment-2048x2048 size-2048x2048 wp-image-3191\" alt=\"\" srcset=\"https:\/\/www.szkolapolskawpradze.com\/wordpress\/wp-content\/uploads\/2026\/04\/Wielkanoc2026_Wyspianski.jpg 510w, https:\/\/www.szkolapolskawpradze.com\/wordpress\/wp-content\/uploads\/2026\/04\/Wielkanoc2026_Wyspianski-300x300.jpg 300w, https:\/\/www.szkolapolskawpradze.com\/wordpress\/wp-content\/uploads\/2026\/04\/Wielkanoc2026_Wyspianski-150x150.jpg 150w\" sizes=\"(max-width: 510px) 100vw, 510px\" \/>\t\t\t\t\t\t\t\t\t\t\t\t\t\t\t<\/div>\n\t\t\t\t<\/div>\n\t\t\t\t\t<\/div>\n\t\t<\/div>\n\t\t\t\t\t<\/div>\n\t\t<\/section>\n\t\t\t\t<section class=\"elementor-section elementor-top-section elementor-element elementor-element-1f346af elementor-section-boxed elementor-section-height-default elementor-section-height-default\" data-id=\"1f346af\" data-element_type=\"section\" data-e-type=\"section\">\n\t\t\t\t\t\t<div class=\"elementor-container elementor-column-gap-default\">\n\t\t\t\t\t<div class=\"elementor-column elementor-col-100 elementor-top-column elementor-element elementor-element-7e545ce\" data-id=\"7e545ce\" data-element_type=\"column\" data-e-type=\"column\">\n\t\t\t<div class=\"elementor-widget-wrap elementor-element-populated\">\n\t\t\t\t\t\t<section class=\"elementor-section elementor-inner-section elementor-element elementor-element-2331cdd elementor-section-boxed elementor-section-height-default elementor-section-height-default\" data-id=\"2331cdd\" data-element_type=\"section\" data-e-type=\"section\" data-settings=\"{&quot;background_background&quot;:&quot;classic&quot;}\">\n\t\t\t\t\t\t<div class=\"elementor-container elementor-column-gap-default\">\n\t\t\t\t\t<div class=\"elementor-column elementor-col-50 elementor-inner-column elementor-element elementor-element-a0a8f0b\" data-id=\"a0a8f0b\" data-element_type=\"column\" data-e-type=\"column\" data-settings=\"{&quot;background_background&quot;:&quot;classic&quot;}\">\n\t\t\t<div class=\"elementor-widget-wrap elementor-element-populated\">\n\t\t\t\t\t\t<div class=\"elementor-element elementor-element-8d3a168 elementor-widget elementor-widget-heading\" data-id=\"8d3a168\" data-element_type=\"widget\" data-e-type=\"widget\" data-widget_type=\"heading.default\">\n\t\t\t\t<div class=\"elementor-widget-container\">\n\t\t\t\t\t<h2 class=\"elementor-heading-title elementor-size-default\">STOWARZYSZENIE<\/h2>\t\t\t\t<\/div>\n\t\t\t\t<\/div>\n\t\t\t\t<div class=\"elementor-element elementor-element-93c2f10 elementor-widget elementor-widget-text-editor\" data-id=\"93c2f10\" data-element_type=\"widget\" data-e-type=\"widget\" data-widget_type=\"text-editor.default\">\n\t\t\t\t<div class=\"elementor-widget-container\">\n\t\t\t\t\t\t\t\t\t<p><strong>Spolek rodi\u010d\u016f a p\u0159\u00e1tel Polsk\u00e9 \u0161koly v Praze, z.s., <\/strong>czyli <strong>Stowarzyszenie Rodzic\u00f3w i Przyjaci\u00f3\u0142\u00a0 Polskiej Szko\u0142y w Pradze<\/strong> powsta\u0142o 23 grudnia 2009 r. Do Stowarzyszenia\u00a0 nale\u017c\u0105 wszyscy rodzice uczni\u00f3w oraz osoby zaprzyja\u017anione wspieraj\u0105ce dzia\u0142alno\u015b\u0107 i aktywno\u015b\u0107 szkoln\u0105.<\/p>\t\t\t\t\t\t\t\t<\/div>\n\t\t\t\t<\/div>\n\t\t\t\t<div class=\"elementor-element elementor-element-c5bf27f elementor-widget elementor-widget-text-editor\" data-id=\"c5bf27f\" data-element_type=\"widget\" data-e-type=\"widget\" data-widget_type=\"text-editor.default\">\n\t\t\t\t<div class=\"elementor-widget-container\">\n\t\t\t\t\t\t\t\t\t<p><strong>G\u0142\u00f3wnym celem<\/strong> Stowarzyszenia s\u0105 dzia\u0142ania wspomagaj\u0105ce prac\u0119 Szko\u0142y Polskiej w Pradze a przede wszystkim:<br \/>\u2022 wspieranie Szko\u0142y w dzia\u0142aniach na rzecz rozwijania \u015bwiadomo\u015bci narodowej i j\u0119zykowej,<br \/>\u2022 wspieranie pozaszkolnej dzia\u0142alno\u015bci uczni\u00f3w i rodzic\u00f3w,<br \/>\u2022 pomoc w zdobywaniu \u015brodk\u00f3w finansowych na poszerzenie dzia\u0142alno\u015bci szko\u0142y,<br \/>\u2022 pomoc w organizowaniu wsp\u00f3lnych spotka\u0144, uroczysto\u015bci, wycieczek.<\/p>\t\t\t\t\t\t\t\t<\/div>\n\t\t\t\t<\/div>\n\t\t\t\t\t<\/div>\n\t\t<\/div>\n\t\t\t\t<div class=\"elementor-column elementor-col-50 elementor-inner-column elementor-element elementor-element-af4fa87\" data-id=\"af4fa87\" data-element_type=\"column\" data-e-type=\"column\" data-settings=\"{&quot;background_background&quot;:&quot;classic&quot;}\">\n\t\t\t<div class=\"elementor-widget-wrap elementor-element-populated\">\n\t\t\t\t\t\t<div class=\"elementor-element elementor-element-e9cefa4 elementor-widget elementor-widget-text-editor\" data-id=\"e9cefa4\" data-element_type=\"widget\" data-e-type=\"widget\" data-widget_type=\"text-editor.default\">\n\t\t\t\t<div class=\"elementor-widget-container\">\n\t\t\t\t\t\t\t\t\t<p><strong>\u00a0<\/strong><\/p><p><strong>W ramach Stowarzyszenia organizujemy m.in.<\/strong>:<br \/>\u2022 zaj\u0119cia klasy zerowej,<br \/>\u2022 spotkania rodzic\u00f3w i dzieci,<br \/>\u2022 przedstawienia dla dzieci,<br \/>\u2022 bazar kartek \u015bwi\u0105tecznych,<br \/>\u2022 inne (czekamy na Pa\u0144stwa pomys\u0142y <br \/>i sugestie).<\/p>\t\t\t\t\t\t\t\t<\/div>\n\t\t\t\t<\/div>\n\t\t\t\t<div class=\"elementor-element elementor-element-f927bc3 elementor-widget elementor-widget-text-editor\" data-id=\"f927bc3\" data-element_type=\"widget\" data-e-type=\"widget\" data-widget_type=\"text-editor.default\">\n\t\t\t\t<div class=\"elementor-widget-container\">\n\t\t\t\t\t\t\t\t\t<p><a href=\"http:\/\/www.szkolapolskawpradze.com\/wordpress\/wp-content\/uploads\/2023\/01\/UmowaS1.doc\">Umowa za\u0142o\u017cenia Stowarzyszenia<\/a><\/p><p><a href=\"http:\/\/www.szkolapolskawpradze.com\/wordpress\/wp-content\/uploads\/2023\/01\/statutS1.doc\">Statut Stowarzyszenia<\/a><\/p>\t\t\t\t\t\t\t\t<\/div>\n\t\t\t\t<\/div>\n\t\t\t\t\t<\/div>\n\t\t<\/div>\n\t\t\t\t\t<\/div>\n\t\t<\/section>\n\t\t\t\t\t<\/div>\n\t\t<\/div>\n\t\t\t\t\t<\/div>\n\t\t<\/section>\n\t\t\t\t<section class=\"elementor-section elementor-top-section elementor-element elementor-element-025e392 elementor-section-boxed elementor-section-height-default elementor-section-height-default\" data-id=\"025e392\" data-element_type=\"section\" data-e-type=\"section\">\n\t\t\t\t\t\t<div class=\"elementor-container elementor-column-gap-default\">\n\t\t\t\t\t<div class=\"elementor-column elementor-col-100 elementor-top-column elementor-element elementor-element-d601e5b\" data-id=\"d601e5b\" data-element_type=\"column\" data-e-type=\"column\">\n\t\t\t<div class=\"elementor-widget-wrap elementor-element-populated\">\n\t\t\t\t\t\t<section class=\"elementor-section elementor-inner-section elementor-element elementor-element-ca4821e elementor-section-boxed elementor-section-height-default elementor-section-height-default\" data-id=\"ca4821e\" data-element_type=\"section\" data-e-type=\"section\" data-settings=\"{&quot;background_background&quot;:&quot;classic&quot;}\">\n\t\t\t\t\t\t<div class=\"elementor-container elementor-column-gap-default\">\n\t\t\t\t\t<div class=\"elementor-column elementor-col-33 elementor-inner-column elementor-element elementor-element-e86e777\" data-id=\"e86e777\" data-element_type=\"column\" data-e-type=\"column\" data-settings=\"{&quot;background_background&quot;:&quot;gradient&quot;}\">\n\t\t\t<div class=\"elementor-widget-wrap elementor-element-populated\">\n\t\t\t\t\t\t<div class=\"elementor-element elementor-element-75f09a1 elementor-widget elementor-widget-heading\" data-id=\"75f09a1\" data-element_type=\"widget\" data-e-type=\"widget\" data-widget_type=\"heading.default\">\n\t\t\t\t<div class=\"elementor-widget-container\">\n\t\t\t\t\t<h2 class=\"elementor-heading-title elementor-size-default\">ZARZ\u0104D<\/h2>\t\t\t\t<\/div>\n\t\t\t\t<\/div>\n\t\t\t\t<div class=\"elementor-element elementor-element-cf5715c elementor-widget elementor-widget-text-editor\" data-id=\"cf5715c\" data-element_type=\"widget\" data-e-type=\"widget\" data-widget_type=\"text-editor.default\">\n\t\t\t\t<div class=\"elementor-widget-container\">\n\t\t\t\t\t\t\t\t\t<p><strong>Cz\u0142onkowie Zarz\u0105du:<\/strong><\/p><p>Adam Rubin &#8211; <strong>przewodnicz\u0105cy<\/strong><\/p><p>Inga Petry &#8211; Podg\u00f3rska<\/p><p>Karolina G\u0142\u0105bi\u0144ska<\/p><p>Monika Hrub\u00e1<\/p><p>Maria Magdalena Knapik<\/p>\t\t\t\t\t\t\t\t<\/div>\n\t\t\t\t<\/div>\n\t\t\t\t\t<\/div>\n\t\t<\/div>\n\t\t\t\t<div class=\"elementor-column elementor-col-33 elementor-inner-column elementor-element elementor-element-6a3eb7c\" data-id=\"6a3eb7c\" data-element_type=\"column\" data-e-type=\"column\" data-settings=\"{&quot;background_background&quot;:&quot;gradient&quot;}\">\n\t\t\t<div class=\"elementor-widget-wrap elementor-element-populated\">\n\t\t\t\t\t\t<div class=\"elementor-element elementor-element-c4eb665 elementor-widget elementor-widget-heading\" data-id=\"c4eb665\" data-element_type=\"widget\" data-e-type=\"widget\" data-widget_type=\"heading.default\">\n\t\t\t\t<div class=\"elementor-widget-container\">\n\t\t\t\t\t<h2 class=\"elementor-heading-title elementor-size-default\">SK\u0141ADKI<\/h2>\t\t\t\t<\/div>\n\t\t\t\t<\/div>\n\t\t\t\t<div class=\"elementor-element elementor-element-6fc6f56 elementor-widget elementor-widget-text-editor\" data-id=\"6fc6f56\" data-element_type=\"widget\" data-e-type=\"widget\" data-widget_type=\"text-editor.default\">\n\t\t\t\t<div class=\"elementor-widget-container\">\n\t\t\t\t\t\t\t\t\t<p>Najprostsz\u0105 form\u0105 jest wp\u0142acenie na konto stowarzyszenia:<\/p><p>2700709247\/2010<\/p><p>Fio Banka.<\/p>\t\t\t\t\t\t\t\t<\/div>\n\t\t\t\t<\/div>\n\t\t\t\t<div class=\"elementor-element elementor-element-f5a6cc3 elementor-widget elementor-widget-image\" data-id=\"f5a6cc3\" data-element_type=\"widget\" data-e-type=\"widget\" data-widget_type=\"image.default\">\n\t\t\t\t<div class=\"elementor-widget-container\">\n\t\t\t\t\t\t\t\t\t\t\t\t\t\t\t<img decoding=\"async\" width=\"150\" height=\"150\" src=\"https:\/\/www.szkolapolskawpradze.com\/wordpress\/wp-content\/uploads\/2025\/10\/QR_skladka2025-150x150.jpg\" class=\"attachment-thumbnail size-thumbnail wp-image-3019\" alt=\"\" srcset=\"https:\/\/www.szkolapolskawpradze.com\/wordpress\/wp-content\/uploads\/2025\/10\/QR_skladka2025-150x150.jpg 150w, https:\/\/www.szkolapolskawpradze.com\/wordpress\/wp-content\/uploads\/2025\/10\/QR_skladka2025-300x300.jpg 300w, https:\/\/www.szkolapolskawpradze.com\/wordpress\/wp-content\/uploads\/2025\/10\/QR_skladka2025.jpg 350w\" sizes=\"(max-width: 150px) 100vw, 150px\" \/>\t\t\t\t\t\t\t\t\t\t\t\t\t\t\t<\/div>\n\t\t\t\t<\/div>\n\t\t\t\t\t<\/div>\n\t\t<\/div>\n\t\t\t\t<div class=\"elementor-column elementor-col-33 elementor-inner-column elementor-element elementor-element-c3fcba1\" data-id=\"c3fcba1\" data-element_type=\"column\" data-e-type=\"column\" data-settings=\"{&quot;background_background&quot;:&quot;gradient&quot;}\">\n\t\t\t<div class=\"elementor-widget-wrap elementor-element-populated\">\n\t\t\t\t\t\t<div class=\"elementor-element elementor-element-484c0c3 elementor-widget elementor-widget-heading\" data-id=\"484c0c3\" data-element_type=\"widget\" data-e-type=\"widget\" data-widget_type=\"heading.default\">\n\t\t\t\t<div class=\"elementor-widget-container\">\n\t\t\t\t\t<h2 class=\"elementor-heading-title elementor-size-default\">DANE STOWARZYSZENIA<\/h2>\t\t\t\t<\/div>\n\t\t\t\t<\/div>\n\t\t\t\t<div class=\"elementor-element elementor-element-1490406 elementor-widget elementor-widget-text-editor\" data-id=\"1490406\" data-element_type=\"widget\" data-e-type=\"widget\" data-widget_type=\"text-editor.default\">\n\t\t\t\t<div class=\"elementor-widget-container\">\n\t\t\t\t\t\t\t\t\t<div class=\"elementor-element elementor-element-8a83afe elementor-widget elementor-widget-text-editor\" data-id=\"8a83afe\" data-element_type=\"widget\" data-widget_type=\"text-editor.default\"><div class=\"elementor-widget-container\"><p><strong>N\u00e1zev organizace:<\/strong> Spolek rodi\u010d\u016f a p\u0159\u00e1tel Polsk\u00e9 \u0161koly v Praze, z.s.<\/p><p><strong>Pr\u00e1vn\u00ed forma<\/strong>: ob\u010dansk\u00e9 sdru\u017een\u00ed \u2013 neziskov\u00e1 organizace<\/p><p><strong>Identifika\u010dn\u00ed \u010d\u00edslo organizace (I\u010cO):<\/strong> 22823034<\/p><p><strong>Adresa: <\/strong>Boleslavova 1\/250, 140 00 Praha 4<\/p><p><strong>E-mail:<\/strong> sdruzenipolskaskola@gmail.com<\/p><\/div><\/div>\t\t\t\t\t\t\t\t<\/div>\n\t\t\t\t<\/div>\n\t\t\t\t\t<\/div>\n\t\t<\/div>\n\t\t\t\t\t<\/div>\n\t\t<\/section>\n\t\t\t\t\t<\/div>\n\t\t<\/div>\n\t\t\t\t\t<\/div>\n\t\t<\/section>\n\t\t\t\t<section class=\"elementor-section elementor-top-section elementor-element elementor-element-14e9093 elementor-section-boxed elementor-section-height-default elementor-section-height-default\" data-id=\"14e9093\" data-element_type=\"section\" data-e-type=\"section\" data-settings=\"{&quot;background_background&quot;:&quot;gradient&quot;}\">\n\t\t\t\t\t\t<div class=\"elementor-container elementor-column-gap-default\">\n\t\t\t\t\t<div class=\"elementor-column elementor-col-20 elementor-top-column elementor-element elementor-element-bebe87e\" data-id=\"bebe87e\" data-element_type=\"column\" data-e-type=\"column\">\n\t\t\t<div class=\"elementor-widget-wrap elementor-element-populated\">\n\t\t\t\t\t\t<div class=\"elementor-element elementor-element-70b7dcf e-transform elementor-widget elementor-widget-heading\" data-id=\"70b7dcf\" data-element_type=\"widget\" data-e-type=\"widget\" data-settings=\"{&quot;_transform_scale_effect_tablet&quot;:{&quot;unit&quot;:&quot;px&quot;,&quot;size&quot;:0.8,&quot;sizes&quot;:[]},&quot;_transform_scale_effect&quot;:{&quot;unit&quot;:&quot;px&quot;,&quot;size&quot;:&quot;&quot;,&quot;sizes&quot;:[]},&quot;_transform_scale_effect_mobile&quot;:{&quot;unit&quot;:&quot;px&quot;,&quot;size&quot;:&quot;&quot;,&quot;sizes&quot;:[]}}\" data-widget_type=\"heading.default\">\n\t\t\t\t<div class=\"elementor-widget-container\">\n\t\t\t\t\t<h2 class=\"elementor-heading-title elementor-size-default\">Wa\u017cne linki:<\/h2>\t\t\t\t<\/div>\n\t\t\t\t<\/div>\n\t\t\t\t<div class=\"elementor-element elementor-element-46b6cad e-transform elementor-widget elementor-widget-text-editor\" data-id=\"46b6cad\" data-element_type=\"widget\" data-e-type=\"widget\" data-settings=\"{&quot;_transform_scale_effect_tablet&quot;:{&quot;unit&quot;:&quot;px&quot;,&quot;size&quot;:0.9,&quot;sizes&quot;:[]},&quot;_transform_scale_effect&quot;:{&quot;unit&quot;:&quot;px&quot;,&quot;size&quot;:&quot;&quot;,&quot;sizes&quot;:[]},&quot;_transform_scale_effect_mobile&quot;:{&quot;unit&quot;:&quot;px&quot;,&quot;size&quot;:&quot;&quot;,&quot;sizes&quot;:[]}}\" data-widget_type=\"text-editor.default\">\n\t\t\t\t<div class=\"elementor-widget-container\">\n\t\t\t\t\t\t\t\t\t<ul><li><a href=\"https:\/\/praga.orpeg.pl\/\">Szko\u0142a Polska w Pradze<\/a><\/li><li><a href=\"https:\/\/www.gov.pl\/web\/czechy\/ambasada-rp-w-pradze\">Ambasada RP w Pradze<\/a><\/li><li><a href=\"https:\/\/instytutpolski.pl\/praha\/?lng=pl\">Instytut Polski w Pradze<\/a><\/li><li><a href=\"https:\/\/www.klubpolski.cz\">Klub Polski w Pradze<\/a><\/li><li><a href=\"https:\/\/parafiapraga.dominikanie.pl\/?page\">Polska Parafia w Pradze<\/a><\/li><\/ul>\t\t\t\t\t\t\t\t<\/div>\n\t\t\t\t<\/div>\n\t\t\t\t\t<\/div>\n\t\t<\/div>\n\t\t\t\t<div class=\"elementor-column elementor-col-20 elementor-top-column elementor-element elementor-element-7a881ef\" data-id=\"7a881ef\" data-element_type=\"column\" data-e-type=\"column\">\n\t\t\t<div class=\"elementor-widget-wrap elementor-element-populated\">\n\t\t\t\t\t\t<div class=\"elementor-element elementor-element-5ae7b80 e-transform elementor-widget elementor-widget-text-editor\" data-id=\"5ae7b80\" data-element_type=\"widget\" data-e-type=\"widget\" data-settings=\"{&quot;_transform_scale_effect_tablet&quot;:{&quot;unit&quot;:&quot;px&quot;,&quot;size&quot;:0.9,&quot;sizes&quot;:[]},&quot;_transform_scale_effect&quot;:{&quot;unit&quot;:&quot;px&quot;,&quot;size&quot;:&quot;&quot;,&quot;sizes&quot;:[]},&quot;_transform_scale_effect_mobile&quot;:{&quot;unit&quot;:&quot;px&quot;,&quot;size&quot;:&quot;&quot;,&quot;sizes&quot;:[]}}\" data-widget_type=\"text-editor.default\">\n\t\t\t\t<div class=\"elementor-widget-container\">\n\t\t\t\t\t\t\t\t\t<ul><li><a href=\"http:\/\/tram-pol-ina.cz\/\">Trampolina<\/a><\/li><li><a href=\"http:\/\/www.infoczechy.pl\/\">Infoczechy<\/a><\/li><li><a href=\"https:\/\/www.orpeg.pl\/\">ORPEG<\/a><\/li><li><a href=\"https:\/\/www.gov.pl\/web\/edukacja-i-nauka\">MEN<\/a><\/li><\/ul>\t\t\t\t\t\t\t\t<\/div>\n\t\t\t\t<\/div>\n\t\t\t\t\t<\/div>\n\t\t<\/div>\n\t\t\t\t<div class=\"elementor-column elementor-col-20 elementor-top-column elementor-element elementor-element-045025e\" data-id=\"045025e\" data-element_type=\"column\" data-e-type=\"column\">\n\t\t\t<div class=\"elementor-widget-wrap elementor-element-populated\">\n\t\t\t\t\t\t<div class=\"elementor-element elementor-element-9f066d9 elementor-view-default elementor-widget elementor-widget-icon\" data-id=\"9f066d9\" data-element_type=\"widget\" data-e-type=\"widget\" data-settings=\"{&quot;_animation&quot;:&quot;none&quot;}\" data-widget_type=\"icon.default\">\n\t\t\t\t<div class=\"elementor-widget-container\">\n\t\t\t\t\t\t\t<div class=\"elementor-icon-wrapper\">\n\t\t\t<a class=\"elementor-icon\" href=\"https:\/\/www.facebook.com\/SzkolaPolskawPradze?ref=hl\">\n\t\t\t<i aria-hidden=\"true\" class=\"fab fa-facebook\"><\/i>\t\t\t<\/a>\n\t\t<\/div>\n\t\t\t\t\t\t<\/div>\n\t\t\t\t<\/div>\n\t\t\t\t\t<\/div>\n\t\t<\/div>\n\t\t\t\t<div class=\"elementor-column elementor-col-20 elementor-top-column elementor-element elementor-element-fd946d0\" data-id=\"fd946d0\" data-element_type=\"column\" data-e-type=\"column\">\n\t\t\t<div class=\"elementor-widget-wrap elementor-element-populated\">\n\t\t\t\t\t\t<div class=\"elementor-element elementor-element-c894a9a elementor-view-default elementor-widget elementor-widget-icon\" data-id=\"c894a9a\" data-element_type=\"widget\" data-e-type=\"widget\" data-widget_type=\"icon.default\">\n\t\t\t\t<div class=\"elementor-widget-container\">\n\t\t\t\t\t\t\t<div class=\"elementor-icon-wrapper\">\n\t\t\t<a class=\"elementor-icon\" href=\"https:\/\/www.youtube.com\/@szkoapolskawpradze5073\">\n\t\t\t<i aria-hidden=\"true\" class=\"fab fa-youtube\"><\/i>\t\t\t<\/a>\n\t\t<\/div>\n\t\t\t\t\t\t<\/div>\n\t\t\t\t<\/div>\n\t\t\t\t\t<\/div>\n\t\t<\/div>\n\t\t\t\t<div class=\"elementor-column elementor-col-20 elementor-top-column elementor-element elementor-element-a783393\" data-id=\"a783393\" data-element_type=\"column\" data-e-type=\"column\">\n\t\t\t<div class=\"elementor-widget-wrap elementor-element-populated\">\n\t\t\t\t\t\t<div class=\"elementor-element elementor-element-2d4c94b e-transform elementor-widget elementor-widget-text-editor\" data-id=\"2d4c94b\" data-element_type=\"widget\" data-e-type=\"widget\" data-settings=\"{&quot;_transform_scale_effect_tablet&quot;:{&quot;unit&quot;:&quot;px&quot;,&quot;size&quot;:0.8,&quot;sizes&quot;:[]},&quot;_transform_scale_effect&quot;:{&quot;unit&quot;:&quot;px&quot;,&quot;size&quot;:&quot;&quot;,&quot;sizes&quot;:[]},&quot;_transform_scale_effect_mobile&quot;:{&quot;unit&quot;:&quot;px&quot;,&quot;size&quot;:&quot;&quot;,&quot;sizes&quot;:[]}}\" data-widget_type=\"text-editor.default\">\n\t\t\t\t<div class=\"elementor-widget-container\">\n\t\t\t\t\t\t\t\t\t<p>Stowarzyszenie Rodzic\u00f3w<\/p><p>i Przyjaci\u00f3\u0142 Szko\u0142y Polskiej\u00a0<\/p><p>w Pradze<\/p><p>Boleslavov\u00e1 250\/1<\/p><p>140 00 Praha 4<\/p>\t\t\t\t\t\t\t\t<\/div>\n\t\t\t\t<\/div>\n\t\t\t\t\t<\/div>\n\t\t<\/div>\n\t\t\t\t\t<\/div>\n\t\t<\/section>\n\t\t\t\t<\/div>\n\t\t","protected":false},"excerpt":{"rendered":"<p>STRONA STOWARZYSZENIA RODZIC\u00d3W I PRZYJACI\u00d3\u0141\u00a0 POLSKIEJ SZKO\u0141Y W PRADZE Weso\u0142ych \u015awi\u0105t Wielkanocnych! STOWARZYSZENIE Spolek rodi\u010d\u016f a p\u0159\u00e1tel Polsk\u00e9 \u0161koly v Praze, z.s., czyli Stowarzyszenie Rodzic\u00f3w i Przyjaci\u00f3\u0142\u00a0 Polskiej Szko\u0142y w Pradze powsta\u0142o 23 grudnia 2009 r. Do Stowarzyszenia\u00a0 nale\u017c\u0105 wszyscy rodzice uczni\u00f3w oraz osoby zaprzyja\u017anione wspieraj\u0105ce dzia\u0142alno\u015b\u0107 i aktywno\u015b\u0107 szkoln\u0105. G\u0142\u00f3wnym celem Stowarzyszenia s\u0105 dzia\u0142ania [&hellip;]<\/p>\n","protected":false},"author":1,"featured_media":0,"parent":0,"menu_order":0,"comment_status":"closed","ping_status":"closed","template":"","meta":{"footnotes":""},"class_list":["post-21","page","type-page","status-publish","hentry"],"_links":{"self":[{"href":"https:\/\/www.szkolapolskawpradze.com\/wordpress\/index.php\/wp-json\/wp\/v2\/pages\/21","targetHints":{"allow":["GET"]}}],"collection":[{"href":"https:\/\/www.szkolapolskawpradze.com\/wordpress\/index.php\/wp-json\/wp\/v2\/pages"}],"about":[{"href":"https:\/\/www.szkolapolskawpradze.com\/wordpress\/index.php\/wp-json\/wp\/v2\/types\/page"}],"author":[{"embeddable":true,"href":"https:\/\/www.szkolapolskawpradze.com\/wordpress\/index.php\/wp-json\/wp\/v2\/users\/1"}],"replies":[{"embeddable":true,"href":"https:\/\/www.szkolapolskawpradze.com\/wordpress\/index.php\/wp-json\/wp\/v2\/comments?post=21"}],"version-history":[{"count":0,"href":"https:\/\/www.szkolapolskawpradze.com\/wordpress\/index.php\/wp-json\/wp\/v2\/pages\/21\/revisions"}],"wp:attachment":[{"href":"https:\/\/www.szkolapolskawpradze.com\/wordpress\/index.php\/wp-json\/wp\/v2\/media?parent=21"}],"curies":[{"name":"wp","href":"https:\/\/api.w.org\/{rel}","templated":true}]}}