{"id":33,"date":"2022-12-21T11:18:54","date_gmt":"2022-12-21T10:18:54","guid":{"rendered":"http:\/\/www.szkolapolskawpradze.com\/wordpress\/?page_id=33"},"modified":"2025-03-23T18:49:42","modified_gmt":"2025-03-23T17:49:42","slug":"o-szkole","status":"publish","type":"page","link":"https:\/\/www.szkolapolskawpradze.com\/wordpress\/index.php\/o-szkole\/","title":{"rendered":"O SZKOLE"},"content":{"rendered":"\t\t<div data-elementor-type=\"wp-page\" data-elementor-id=\"33\" class=\"elementor elementor-33\">\n\t\t\t\t\t\t<section class=\"elementor-section elementor-top-section elementor-element elementor-element-3faba7c3 elementor-section-content-top elementor-section-boxed elementor-section-height-default elementor-section-height-default\" data-id=\"3faba7c3\" data-element_type=\"section\" data-e-type=\"section\" data-settings=\"{&quot;animation&quot;:&quot;none&quot;,&quot;background_background&quot;:&quot;slideshow&quot;,&quot;background_slideshow_gallery&quot;:[],&quot;background_slideshow_loop&quot;:&quot;yes&quot;,&quot;background_slideshow_slide_duration&quot;:5000,&quot;background_slideshow_slide_transition&quot;:&quot;fade&quot;,&quot;background_slideshow_transition_duration&quot;:500}\">\n\t\t\t\t\t\t<div class=\"elementor-container elementor-column-gap-default\">\n\t\t\t\t\t<div class=\"elementor-column elementor-col-100 elementor-top-column elementor-element elementor-element-13ac8f41\" data-id=\"13ac8f41\" data-element_type=\"column\" data-e-type=\"column\" data-settings=\"{&quot;background_background&quot;:&quot;classic&quot;}\">\n\t\t\t<div class=\"elementor-widget-wrap elementor-element-populated\">\n\t\t\t\t\t\t<div class=\"elementor-element elementor-element-1160757 elementor-widget elementor-widget-heading\" data-id=\"1160757\" data-element_type=\"widget\" data-e-type=\"widget\" data-widget_type=\"heading.default\">\n\t\t\t\t<div class=\"elementor-widget-container\">\n\t\t\t\t\t<h2 class=\"elementor-heading-title elementor-size-default\">O SZKOLE<\/h2>\t\t\t\t<\/div>\n\t\t\t\t<\/div>\n\t\t\t\t<div class=\"elementor-element elementor-element-0634baa elementor-widget elementor-widget-text-editor\" data-id=\"0634baa\" data-element_type=\"widget\" data-e-type=\"widget\" data-widget_type=\"text-editor.default\">\n\t\t\t\t<div class=\"elementor-widget-container\">\n\t\t\t\t\t\t\t\t\t<p>Polska Szko\u0142a im. \u015bw. Jadwigi przy Ambasadzie RP w Pradze jest jedn\u0105 z kilkudziesi\u0119ciu plac\u00f3wek tego typu za granicami kraju.<img decoding=\"async\" class=\"wp-image-14 alignright\" src=\"http:\/\/www.szkolapolskawpradze.com\/wordpress\/wp-content\/uploads\/2022\/12\/logoszkola_TRANSP.png\" alt=\"\" width=\"177\" height=\"153\" \/><\/p><p>Powsta\u0142a w 1970 roku dla potrzeb dzieci Polak\u00f3w tymczasowo przebywaj\u0105cych w Czechach. Przez 17 lat nauka odbywa\u0142a si\u0119 w systemie uzupe\u0142niaj\u0105cym i konsultacyjnym. Uczono popo\u0142udniami (dwa razy w tygodniu) oraz w soboty j\u0119zyka polskiego, historii i geografii Polski oraz matematyki, program z innych przedmiot\u00f3w dzieci realizowa\u0142y w szko\u0142ach czeskich.<\/p><p>W zwi\u0105zku z du\u017c\u0105 ilo\u015bci\u0105 dzieci (150) i ogromnym zainteresowaniem szko\u0142a w roku 1987 zmieni\u0142a charakter i sta\u0142a si\u0119 szko\u0142\u0105 z pe\u0142nym programem nauczania. Od tej pory nauczanie obejmuje wszystkie przedmioty, tak jak w kraju.<\/p>\t\t\t\t\t\t\t\t<\/div>\n\t\t\t\t<\/div>\n\t\t\t\t<section class=\"elementor-section elementor-inner-section elementor-element elementor-element-9dde816 elementor-section-boxed elementor-section-height-default elementor-section-height-default\" data-id=\"9dde816\" data-element_type=\"section\" data-e-type=\"section\">\n\t\t\t\t\t\t<div class=\"elementor-container elementor-column-gap-default\">\n\t\t\t\t\t<div class=\"elementor-column elementor-col-50 elementor-inner-column elementor-element elementor-element-cd17980\" data-id=\"cd17980\" data-element_type=\"column\" data-e-type=\"column\">\n\t\t\t<div class=\"elementor-widget-wrap elementor-element-populated\">\n\t\t\t\t\t\t<div class=\"elementor-element elementor-element-df0a6b6 elementor-widget elementor-widget-image\" data-id=\"df0a6b6\" data-element_type=\"widget\" data-e-type=\"widget\" data-widget_type=\"image.default\">\n\t\t\t\t<div class=\"elementor-widget-container\">\n\t\t\t\t\t\t\t\t\t\t\t\t\t\t\t<img decoding=\"async\" width=\"160\" height=\"160\" src=\"https:\/\/www.szkolapolskawpradze.com\/wordpress\/wp-content\/uploads\/2022\/12\/nasza_szkola.jpg\" class=\"attachment-large size-large wp-image-15\" alt=\"\" srcset=\"https:\/\/www.szkolapolskawpradze.com\/wordpress\/wp-content\/uploads\/2022\/12\/nasza_szkola.jpg 160w, https:\/\/www.szkolapolskawpradze.com\/wordpress\/wp-content\/uploads\/2022\/12\/nasza_szkola-150x150.jpg 150w\" sizes=\"(max-width: 160px) 100vw, 160px\" \/>\t\t\t\t\t\t\t\t\t\t\t\t\t\t\t<\/div>\n\t\t\t\t<\/div>\n\t\t\t\t\t<\/div>\n\t\t<\/div>\n\t\t\t\t<div class=\"elementor-column elementor-col-50 elementor-inner-column elementor-element elementor-element-4dfab9b\" data-id=\"4dfab9b\" data-element_type=\"column\" data-e-type=\"column\">\n\t\t\t<div class=\"elementor-widget-wrap elementor-element-populated\">\n\t\t\t\t\t\t<div class=\"elementor-element elementor-element-c17a933 elementor-widget elementor-widget-text-editor\" data-id=\"c17a933\" data-element_type=\"widget\" data-e-type=\"widget\" data-widget_type=\"text-editor.default\">\n\t\t\t\t<div class=\"elementor-widget-container\">\n\t\t\t\t\t\t\t\t\t<p>W 1999 roku w zwi\u0105zku z reform\u0105 systemu edukacji Szko\u0142\u0119 przekszta\u0142cono w Zesp\u00f3\u0142 Szk\u00f3\u0142 przy Ambasadzie RP w Pradze. Utworzono:<\/p><ul><li>6 &#8211; letni\u0105 Szko\u0142\u0119 Podstawow\u0105<\/li><li>3 &#8211; letnie Gimnazjum<\/li><li>3 &#8211; letnie Liceum<\/li><\/ul>\t\t\t\t\t\t\t\t<\/div>\n\t\t\t\t<\/div>\n\t\t\t\t<div class=\"elementor-element elementor-element-1873614 elementor-widget elementor-widget-text-editor\" data-id=\"1873614\" data-element_type=\"widget\" data-e-type=\"widget\" data-widget_type=\"text-editor.default\">\n\t\t\t\t<div class=\"elementor-widget-container\">\n\t\t\t\t\t\t\t\t\t<p>W 2001 roku szkole nadano imi\u0119 \u015bw. Jadwigi. Ze wzgl\u0119du na zmniejszaj\u0105c\u0105 si\u0119 od kilku lat liczb\u0119 uczni\u00f3w w 2002 roku cofni\u0119to etat dyrektora szko\u0142y i utworzono stanowisko kierownika szko\u0142y a nazw\u0119 plac\u00f3wki zmieniono na: Szkolny Punkt Konsultacyjny im. \u015bw. Jadwigi przy Ambasadzie RP w Pradze. Zmiana nazwy nie poci\u0105gn\u0119\u0142a za sob\u0105 zmian w organizacji, celach i zadaniach szko\u0142y.<\/p><p>W zwi\u0105zku z wej\u015bciem Polski i Republiki Czeskiej do Unii Europejskiej do Czech znowu zacz\u0119li nap\u0142ywa\u0107 Polacy. Powy\u017csza zmiana korzystnie wp\u0142yn\u0119\u0142a na liczb\u0119 uczni\u00f3w ucz\u0119szczaj\u0105cych do naszej szko\u0142y.<\/p><p>Od roku szkolnego 2010\/2011 Szko\u0142a realizuje wy\u0142\u0105cznie uzupe\u0142niaj\u0105cy plan nauczania. <\/p>\t\t\t\t\t\t\t\t<\/div>\n\t\t\t\t<\/div>\n\t\t\t\t\t<\/div>\n\t\t<\/div>\n\t\t\t\t\t<\/div>\n\t\t<\/section>\n\t\t\t\t<div class=\"elementor-element elementor-element-b3bce5a elementor-widget elementor-widget-text-editor\" data-id=\"b3bce5a\" data-element_type=\"widget\" data-e-type=\"widget\" data-widget_type=\"text-editor.default\">\n\t\t\t\t<div class=\"elementor-widget-container\">\n\t\t\t\t\t\t\t\t\t<p>\u00a0Zgodnie z reform\u0105 w 2017 r. stopniowo wygaszono Gimnazjum. Obecnie szko\u0142\u0119 tworz\u0105:<\/p><ul><li>8 &#8211; letnia Szko\u0142a Podstawow\u0105<\/li><li>4 &#8211; letnie Liceum Og\u00f3lnokszta\u0142c\u0105ce<\/li><li>oraz w okresie przej\u015bciowym: 3 &#8211; letnie Liceum Og\u00f3lnokszta\u0142c\u0105ce.<\/li><\/ul>\t\t\t\t\t\t\t\t<\/div>\n\t\t\t\t<\/div>\n\t\t\t\t<div class=\"elementor-element elementor-element-36d15d3 elementor-widget elementor-widget-text-editor\" data-id=\"36d15d3\" data-element_type=\"widget\" data-e-type=\"widget\" data-widget_type=\"text-editor.default\">\n\t\t\t\t<div class=\"elementor-widget-container\">\n\t\t\t\t\t\t\t\t\t<p>We wrze\u015bniu 2019 r. Szkolny Punkt Konsultacyjny im. \u015bw. Jadwigi przy Ambasadzie RP w Pradze oficjalnie zmieni\u0142 nazw\u0119 na Szko\u0142a Polska im. \u015bw. Jadwigi przy Ambasadzie RP w Pradze.<\/p>\t\t\t\t\t\t\t\t<\/div>\n\t\t\t\t<\/div>\n\t\t\t\t\t<\/div>\n\t\t<\/div>\n\t\t\t\t\t<\/div>\n\t\t<\/section>\n\t\t\t\t<section class=\"elementor-section elementor-top-section elementor-element elementor-element-56966c80 elementor-section-boxed elementor-section-height-default elementor-section-height-default\" data-id=\"56966c80\" data-element_type=\"section\" data-e-type=\"section\" data-settings=\"{&quot;background_background&quot;:&quot;gradient&quot;}\">\n\t\t\t\t\t\t<div class=\"elementor-container elementor-column-gap-default\">\n\t\t\t\t\t<div class=\"elementor-column elementor-col-20 elementor-top-column elementor-element elementor-element-88db83b\" data-id=\"88db83b\" data-element_type=\"column\" data-e-type=\"column\">\n\t\t\t<div class=\"elementor-widget-wrap elementor-element-populated\">\n\t\t\t\t\t\t<div class=\"elementor-element elementor-element-26d955a5 e-transform elementor-widget elementor-widget-heading\" data-id=\"26d955a5\" data-element_type=\"widget\" data-e-type=\"widget\" data-settings=\"{&quot;_transform_scale_effect_tablet&quot;:{&quot;unit&quot;:&quot;px&quot;,&quot;size&quot;:0.8,&quot;sizes&quot;:[]},&quot;_transform_scale_effect&quot;:{&quot;unit&quot;:&quot;px&quot;,&quot;size&quot;:&quot;&quot;,&quot;sizes&quot;:[]},&quot;_transform_scale_effect_mobile&quot;:{&quot;unit&quot;:&quot;px&quot;,&quot;size&quot;:&quot;&quot;,&quot;sizes&quot;:[]}}\" data-widget_type=\"heading.default\">\n\t\t\t\t<div class=\"elementor-widget-container\">\n\t\t\t\t\t<h2 class=\"elementor-heading-title elementor-size-default\">Wa\u017cne linki:<\/h2>\t\t\t\t<\/div>\n\t\t\t\t<\/div>\n\t\t\t\t<div class=\"elementor-element elementor-element-19b3535 e-transform elementor-widget elementor-widget-text-editor\" data-id=\"19b3535\" data-element_type=\"widget\" data-e-type=\"widget\" data-settings=\"{&quot;_transform_scale_effect_tablet&quot;:{&quot;unit&quot;:&quot;px&quot;,&quot;size&quot;:0.9,&quot;sizes&quot;:[]},&quot;_transform_scale_effect&quot;:{&quot;unit&quot;:&quot;px&quot;,&quot;size&quot;:&quot;&quot;,&quot;sizes&quot;:[]},&quot;_transform_scale_effect_mobile&quot;:{&quot;unit&quot;:&quot;px&quot;,&quot;size&quot;:&quot;&quot;,&quot;sizes&quot;:[]}}\" data-widget_type=\"text-editor.default\">\n\t\t\t\t<div class=\"elementor-widget-container\">\n\t\t\t\t\t\t\t\t\t<ul><li><a href=\"https:\/\/praga.orpeg.pl\/\">Szko\u0142a Polska w Pradze<\/a><\/li><li><a href=\"https:\/\/www.gov.pl\/web\/czechy\/ambasada-rp-w-pradze\">Ambasada RP w Pradze<\/a><\/li><li><a href=\"https:\/\/instytutpolski.pl\/praha\/?lng=pl\">Instytut Polski w Pradze<\/a><\/li><li><a href=\"https:\/\/www.klubpolski.cz\">Klub Polski w Pradze<\/a><\/li><li><a href=\"https:\/\/parafiapraga.dominikanie.pl\/?page\">Polska Parafia w Pradze<\/a><\/li><\/ul>\t\t\t\t\t\t\t\t<\/div>\n\t\t\t\t<\/div>\n\t\t\t\t\t<\/div>\n\t\t<\/div>\n\t\t\t\t<div class=\"elementor-column elementor-col-20 elementor-top-column elementor-element elementor-element-67305ee1\" data-id=\"67305ee1\" data-element_type=\"column\" data-e-type=\"column\">\n\t\t\t<div class=\"elementor-widget-wrap elementor-element-populated\">\n\t\t\t\t\t\t<div class=\"elementor-element elementor-element-77d68418 e-transform elementor-widget elementor-widget-text-editor\" data-id=\"77d68418\" data-element_type=\"widget\" data-e-type=\"widget\" data-settings=\"{&quot;_transform_scale_effect_tablet&quot;:{&quot;unit&quot;:&quot;px&quot;,&quot;size&quot;:0.9,&quot;sizes&quot;:[]},&quot;_transform_scale_effect&quot;:{&quot;unit&quot;:&quot;px&quot;,&quot;size&quot;:&quot;&quot;,&quot;sizes&quot;:[]},&quot;_transform_scale_effect_mobile&quot;:{&quot;unit&quot;:&quot;px&quot;,&quot;size&quot;:&quot;&quot;,&quot;sizes&quot;:[]}}\" data-widget_type=\"text-editor.default\">\n\t\t\t\t<div class=\"elementor-widget-container\">\n\t\t\t\t\t\t\t\t\t<ul><li><a href=\"http:\/\/tram-pol-ina.cz\/\">Trampolina<\/a><\/li><li><a href=\"http:\/\/www.infoczechy.pl\/\">Infoczechy<\/a><\/li><li><a href=\"https:\/\/www.orpeg.pl\/\">ORPEG<\/a><\/li><li><a href=\"https:\/\/www.gov.pl\/web\/edukacja-i-nauka\">MEN<\/a><\/li><\/ul>\t\t\t\t\t\t\t\t<\/div>\n\t\t\t\t<\/div>\n\t\t\t\t\t<\/div>\n\t\t<\/div>\n\t\t\t\t<div class=\"elementor-column elementor-col-20 elementor-top-column elementor-element elementor-element-5a4943bc\" data-id=\"5a4943bc\" data-element_type=\"column\" data-e-type=\"column\">\n\t\t\t<div class=\"elementor-widget-wrap elementor-element-populated\">\n\t\t\t\t\t\t<div class=\"elementor-element elementor-element-2a4cb57f elementor-view-default elementor-widget elementor-widget-icon\" data-id=\"2a4cb57f\" data-element_type=\"widget\" data-e-type=\"widget\" data-settings=\"{&quot;_animation&quot;:&quot;none&quot;}\" data-widget_type=\"icon.default\">\n\t\t\t\t<div class=\"elementor-widget-container\">\n\t\t\t\t\t\t\t<div class=\"elementor-icon-wrapper\">\n\t\t\t<a class=\"elementor-icon\" href=\"https:\/\/www.facebook.com\/SzkolaPolskawPradze?ref=hl\">\n\t\t\t<i aria-hidden=\"true\" class=\"fab fa-facebook\"><\/i>\t\t\t<\/a>\n\t\t<\/div>\n\t\t\t\t\t\t<\/div>\n\t\t\t\t<\/div>\n\t\t\t\t\t<\/div>\n\t\t<\/div>\n\t\t\t\t<div class=\"elementor-column elementor-col-20 elementor-top-column elementor-element elementor-element-25e51946\" data-id=\"25e51946\" data-element_type=\"column\" data-e-type=\"column\">\n\t\t\t<div class=\"elementor-widget-wrap elementor-element-populated\">\n\t\t\t\t\t\t<div class=\"elementor-element elementor-element-283f3fe8 elementor-view-default elementor-widget elementor-widget-icon\" data-id=\"283f3fe8\" data-element_type=\"widget\" data-e-type=\"widget\" data-widget_type=\"icon.default\">\n\t\t\t\t<div class=\"elementor-widget-container\">\n\t\t\t\t\t\t\t<div class=\"elementor-icon-wrapper\">\n\t\t\t<a class=\"elementor-icon\" href=\"https:\/\/www.youtube.com\/@szkoapolskawpradze5073\">\n\t\t\t<i aria-hidden=\"true\" class=\"fab fa-youtube\"><\/i>\t\t\t<\/a>\n\t\t<\/div>\n\t\t\t\t\t\t<\/div>\n\t\t\t\t<\/div>\n\t\t\t\t\t<\/div>\n\t\t<\/div>\n\t\t\t\t<div class=\"elementor-column elementor-col-20 elementor-top-column elementor-element elementor-element-1110d7a0\" data-id=\"1110d7a0\" data-element_type=\"column\" data-e-type=\"column\">\n\t\t\t<div class=\"elementor-widget-wrap elementor-element-populated\">\n\t\t\t\t\t\t<div class=\"elementor-element elementor-element-b9104d4 e-transform elementor-widget elementor-widget-text-editor\" data-id=\"b9104d4\" data-element_type=\"widget\" data-e-type=\"widget\" data-settings=\"{&quot;_transform_scale_effect_tablet&quot;:{&quot;unit&quot;:&quot;px&quot;,&quot;size&quot;:0.8,&quot;sizes&quot;:[]},&quot;_transform_scale_effect&quot;:{&quot;unit&quot;:&quot;px&quot;,&quot;size&quot;:&quot;&quot;,&quot;sizes&quot;:[]},&quot;_transform_scale_effect_mobile&quot;:{&quot;unit&quot;:&quot;px&quot;,&quot;size&quot;:&quot;&quot;,&quot;sizes&quot;:[]}}\" data-widget_type=\"text-editor.default\">\n\t\t\t\t<div class=\"elementor-widget-container\">\n\t\t\t\t\t\t\t\t\t<p>Stowarzyszenie Rodzic\u00f3w<\/p><p><br \/>i Przyjaci\u00f3\u0142 Szko\u0142y Polskiej\u00a0 w Pradze<\/p><p>Boleslavov\u00e1 250\/1<\/p><p>140 00 Praha 4<\/p>\t\t\t\t\t\t\t\t<\/div>\n\t\t\t\t<\/div>\n\t\t\t\t\t<\/div>\n\t\t<\/div>\n\t\t\t\t\t<\/div>\n\t\t<\/section>\n\t\t\t\t<\/div>\n\t\t","protected":false},"excerpt":{"rendered":"<p>O SZKOLE Polska Szko\u0142a im. \u015bw. Jadwigi przy Ambasadzie RP w Pradze jest jedn\u0105 z kilkudziesi\u0119ciu plac\u00f3wek tego typu za granicami kraju. Powsta\u0142a w 1970 roku dla potrzeb dzieci Polak\u00f3w tymczasowo przebywaj\u0105cych w Czechach. Przez 17 lat nauka odbywa\u0142a si\u0119 w systemie uzupe\u0142niaj\u0105cym i konsultacyjnym. Uczono popo\u0142udniami (dwa razy w tygodniu) oraz w soboty j\u0119zyka [&hellip;]<\/p>\n","protected":false},"author":1,"featured_media":0,"parent":0,"menu_order":0,"comment_status":"closed","ping_status":"closed","template":"","meta":{"footnotes":""},"class_list":["post-33","page","type-page","status-publish","hentry"],"_links":{"self":[{"href":"https:\/\/www.szkolapolskawpradze.com\/wordpress\/index.php\/wp-json\/wp\/v2\/pages\/33","targetHints":{"allow":["GET"]}}],"collection":[{"href":"https:\/\/www.szkolapolskawpradze.com\/wordpress\/index.php\/wp-json\/wp\/v2\/pages"}],"about":[{"href":"https:\/\/www.szkolapolskawpradze.com\/wordpress\/index.php\/wp-json\/wp\/v2\/types\/page"}],"author":[{"embeddable":true,"href":"https:\/\/www.szkolapolskawpradze.com\/wordpress\/index.php\/wp-json\/wp\/v2\/users\/1"}],"replies":[{"embeddable":true,"href":"https:\/\/www.szkolapolskawpradze.com\/wordpress\/index.php\/wp-json\/wp\/v2\/comments?post=33"}],"version-history":[{"count":0,"href":"https:\/\/www.szkolapolskawpradze.com\/wordpress\/index.php\/wp-json\/wp\/v2\/pages\/33\/revisions"}],"wp:attachment":[{"href":"https:\/\/www.szkolapolskawpradze.com\/wordpress\/index.php\/wp-json\/wp\/v2\/media?parent=33"}],"curies":[{"name":"wp","href":"https:\/\/api.w.org\/{rel}","templated":true}]}}